{"id":399,"date":"2025-04-21T08:39:10","date_gmt":"2025-04-21T06:39:10","guid":{"rendered":"https:\/\/hist4dem.de\/?page_id=399"},"modified":"2025-09-19T07:57:00","modified_gmt":"2025-09-19T05:57:00","slug":"faq","status":"publish","type":"page","link":"https:\/\/hist4dem.de\/es\/faq\/","title":{"rendered":"FAQ"},"content":{"rendered":"\n<details class=\"wp-block-details is-layout-flow wp-block-details-is-layout-flow\"><summary><strong>Was genau ist hist4dem?<\/strong><\/summary>\n<p>Historiker*innen f\u00fcr eine demokratische Gesellschaft (hist4dem) ist ein unabh\u00e4ngiges Netzwerk von Historiker*innen und historisch arbeitenden Personen, das sich daf\u00fcr einsetzt, demokratische Strukturen durch Forschung, Bildung und \u00d6ffentlichkeitsarbeit zu f\u00f6rdern und zu bewahren.<\/p>\n<\/details>\n\n\n\n<details class=\"wp-block-details is-layout-flow wp-block-details-is-layout-flow\"><summary><strong>Wer kann Teil des Netzwerks werden?<\/strong><\/summary>\n<p>Das Netzwerk richtet sich an alle Menschen, die historisch arbeiten, in der historischen Bildung t\u00e4tig sind oder an den T\u00e4tigkeitsfeldern von hist4dem interessiert sind (z.\u202fB. Lehrende, Wissenschaftler*innen, freischaffende Historiker*innen, Personen aus der au\u00dferschulischen Bildungsarbeit, Archivar*innen, Studierende) und die sich aktiv f\u00fcr Demokratie und Grundrechte engagieren m\u00f6chten.<\/p>\n<\/details>\n\n\n\n<details id=\"beitritt\" class=\"wp-block-details is-layout-flow wp-block-details-is-layout-flow\"><summary><strong>Wie kann ich dem Netzwerk beitreten?<\/strong><\/summary>\n<p>Der Beitritt erfolgt \u00fcber die Mailingliste.<\/p>\n\n\n\n<ul class=\"wp-block-list\">\n<li>Besuche die <a href=\"https:\/\/hist4dem.de\/kontakt\/\" data-type=\"page\" data-id=\"118\">Kontaktseite<\/a> von hist4dem.<\/li>\n\n\n\n<li>Dort findest du den Link zur Mailingliste: <a href=\"https:\/\/www.listserv.dfn.de\/sympa\/info\/hist4dem\">https:\/\/www.listserv.dfn.de\/sympa\/info\/hist4dem<\/a>.<\/li>\n\n\n\n<li>W\u00e4hle links in dem Men\u00fc unter \u201aListen-Hauptseite\u2018 den Men\u00fcpunkt \u201aAbonnieren\u2018.<\/li>\n\n\n\n<li>Gib deine E\u2011Mail-Adresse und Deinen Namen ein und sende das Formular ab.<\/li>\n<\/ul>\n\n\n\n<p>Du bist nun Teil der Mailingliste\/des Netzwerks und erh\u00e4ltst ab sofort alle Informationen \u00fcber die Aktivit\u00e4ten von hist4dem per Mail.<\/p>\n<\/details>\n\n\n\n<details class=\"wp-block-details is-layout-flow wp-block-details-is-layout-flow\"><summary><strong>Wie kann ich die Mailingliste von hist4dem abonnieren?<\/strong><\/summary>\n<ul class=\"wp-block-list\">\n<li>Besuche die <a href=\"https:\/\/hist4dem.de\/kontakt\/\" data-type=\"page\" data-id=\"118\">Kontaktseite<\/a> von hist4dem.<\/li>\n\n\n\n<li>Dort findest du den Link zur Mailingliste: <a href=\"https:\/\/www.listserv.dfn.de\/sympa\/info\/hist4dem\">https:\/\/www.listserv.dfn.de\/sympa\/info\/hist4dem<\/a>.<\/li>\n\n\n\n<li>W\u00e4hle links in dem Men\u00fc unter \u201aListen-Hauptseite\u2018 den Men\u00fcpunkt \u201aAbonnieren\u2018.<\/li>\n\n\n\n<li>Gib deine E\u2011Mail-Adresse und Deinen Namen ein und sende das Formular ab.<\/li>\n<\/ul>\n\n\n\n<p>Du bist nun Teil der Mailingliste\/des Netzwerks und erh\u00e4ltst ab sofort alle Informationen \u00fcber die Aktivit\u00e4ten von hist4dem per Mail.<\/p>\n<\/details>\n\n\n\n<details class=\"wp-block-details is-layout-flow wp-block-details-is-layout-flow\"><summary><strong>Wie kann ich mich von der Mailingliste abmelden?<\/strong><\/summary>\n<p><strong>Wie kann ich mich von der Mailingliste abmelden?<\/strong><\/p>\n\n\n\n<ul class=\"wp-block-list\">\n<li>Besuche die <a href=\"https:\/\/hist4dem.de\/kontakt\/\" data-type=\"page\" data-id=\"118\">Kontaktseite<\/a> von hist4dem.<\/li>\n\n\n\n<li>Dort findest du den Link zur Mailingliste: <a href=\"https:\/\/www.listserv.dfn.de\/sympa\/info\/hist4dem\">https:\/\/www.listserv.dfn.de\/sympa\/info\/hist4dem<\/a>.<\/li>\n\n\n\n<li>W\u00e4hle links in dem Men\u00fc unter \u201aListen-Hauptseite\u2018 den Men\u00fcpunkt \u201aAbbestellen\u2018.<\/li>\n\n\n\n<li>Gib deine E\u2011Mail-Adresse ein und sende das Formular ab.<\/li>\n<\/ul>\n<\/details>\n\n\n\n<details class=\"wp-block-details is-layout-flow wp-block-details-is-layout-flow\"><summary><strong>Bin ich automatisch im Netzwerk\/in der Mailingliste wenn ich das Positionspapier unterschrieben habe?<\/strong><\/summary>\n<p>Nein, wer die Mailingliste abonnieren und damit dem Netzwerk beitreten m\u00f6chte, muss das selbst\u00e4ndig tun (siehe oben: \u201e<a href=\"#beitritt\">Wie kann ich dem Netzwerk beitreten?\u201c<\/a>). Die Mitzeichnung des Positionspapiers erfolgt unabh\u00e4ngig davon.<\/p>\n<\/details>\n\n\n\n<details class=\"wp-block-details is-layout-flow wp-block-details-is-layout-flow\"><summary><strong>Wie kann ich mich \u00fcber laufende Aktivit\u00e4ten von hist4dem informieren?<\/strong><\/summary>\n<p>Wenn du die <a href=\"https:\/\/www.listserv.dfn.de\/sympa\/info\/hist4dem\">Mailingliste<\/a> abonniert hast, erh\u00e4ltst du automatisch regelm\u00e4\u00dfige Updates \u00fcber:<\/p>\n\n\n\n<ul class=\"wp-block-list\">\n<li>regelm\u00e4\u00dfige Netzwerktreffen<\/li>\n\n\n\n<li>Veranstaltungen<\/li>\n\n\n\n<li>Aktionen (z.\u202fB. Themenwochen zu Demokratie)<\/li>\n<\/ul>\n\n\n\n<p>Alle aktuellen Aktivit\u00e4ten werden \u00fcber diese Liste kommuniziert.<\/p>\n<\/details>\n\n\n\n<details class=\"wp-block-details is-layout-flow wp-block-details-is-layout-flow\"><summary><strong>Wie kann ich bei hist4dem mitarbeiten?<\/strong><\/summary>\n<p>Durch die Teilnahme an den Netzwerktreffen, die Mitarbeit in den Arbeitsgruppen, die Organisation von Veranstaltungen, die Planung von Aktivit\u00e4ten. Die Ansprechpartner*innen der Arbeitsgruppen findest Du unter dem Men\u00fcpunkt \u201a<a href=\"https:\/\/hist4dem.de\/arbeitsgruppen\/\" data-type=\"page\" data-id=\"343\">Arbeitsgruppen<\/a>\u2018. Bei Interesse einfach dort oder per Email unter <a href=\"mailto:info@hist4dem.de\">info@hist4dem.de<\/a> melden!<\/p>\n<\/details>\n\n\n\n<details class=\"wp-block-details is-layout-flow wp-block-details-is-layout-flow\"><summary><strong>Wie kann ich hist4dem finanziell unterst\u00fctzen?<\/strong><\/summary>\n<p>Wir organisieren gerade ein Spendenkonto. Wenn Du schon jetzt hist4dem finanziell unterst\u00fctzen m\u00f6chtest, dann schick eine Mail an <a href=\"mailto:info@hist4dem.de\">info@hist4dem.de<\/a>.<\/p>\n<\/details>\n","protected":false},"excerpt":{"rendered":"<p>Was genau ist hist4dem? Historiker*innen f\u00fcr eine demokratische Gesellschaft (hist4dem) ist ein unabh\u00e4ngiges Netzwerk von Historiker*innen und historisch arbeitenden Personen, das sich daf\u00fcr einsetzt, demokratische Strukturen durch Forschung, Bildung und \u00d6ffentlichkeitsarbeit zu f\u00f6rdern und zu bewahren. Wer kann Teil des Netzwerks werden? Das Netzwerk richtet sich an alle Menschen, die historisch arbeiten, in der historischen [&hellip;]<\/p>\n","protected":false},"author":2,"featured_media":0,"parent":0,"menu_order":0,"comment_status":"closed","ping_status":"closed","template":"","meta":{"footnotes":""},"class_list":["post-399","page","type-page","status-publish","hentry"],"_links":{"self":[{"href":"https:\/\/hist4dem.de\/es\/wp-json\/wp\/v2\/pages\/399","targetHints":{"allow":["GET"]}}],"collection":[{"href":"https:\/\/hist4dem.de\/es\/wp-json\/wp\/v2\/pages"}],"about":[{"href":"https:\/\/hist4dem.de\/es\/wp-json\/wp\/v2\/types\/page"}],"author":[{"embeddable":true,"href":"https:\/\/hist4dem.de\/es\/wp-json\/wp\/v2\/users\/2"}],"replies":[{"embeddable":true,"href":"https:\/\/hist4dem.de\/es\/wp-json\/wp\/v2\/comments?post=399"}],"version-history":[{"count":13,"href":"https:\/\/hist4dem.de\/es\/wp-json\/wp\/v2\/pages\/399\/revisions"}],"predecessor-version":[{"id":812,"href":"https:\/\/hist4dem.de\/es\/wp-json\/wp\/v2\/pages\/399\/revisions\/812"}],"wp:attachment":[{"href":"https:\/\/hist4dem.de\/es\/wp-json\/wp\/v2\/media?parent=399"}],"curies":[{"name":"wp","href":"https:\/\/api.w.org\/{rel}","templated":true}]}}