{"id":118,"date":"2025-03-24T10:25:28","date_gmt":"2025-03-24T10:25:28","guid":{"rendered":"https:\/\/hist4dem.de\/?page_id=118"},"modified":"2025-09-02T11:18:49","modified_gmt":"2025-09-02T09:18:49","slug":"kontakt","status":"publish","type":"page","link":"https:\/\/hist4dem.de\/es\/kontakt\/","title":{"rendered":"Kontakt"},"content":{"rendered":"\n<p>Hast Du eine Frage oder m\u00f6chtest Du uns eine Nachricht schreiben? Dann kannst Du uns eine E-Mail an info\u2039at\u203ahist4dem.de schicken.<\/p>\n\n\n\n<div class=\"wp-block-columns is-style-default is-layout-flex wp-container-core-columns-is-layout-28f84493 wp-block-columns-is-layout-flex\">\n<div class=\"wp-block-column is-layout-flow wp-block-column-is-layout-flow\" style=\"flex-basis:100%\">\n<h2 class=\"wp-block-heading\">Mailingliste<\/h2>\n\n\n\n<p>Hier kannst Du Dich auf unsere Mailingliste eintragen:<br>You can subscribe to our mailing list here:<br>Vous pouvez vous inscrire ici \u00e0 notre liste de diffusion:<br>Puede suscribirse a nuestra lista de correo aqu\u00ed:<\/p>\n\n\n\n<p><a href=\"https:\/\/www.listserv.dfn.de\/sympa\/info\/hist4dem\">https:\/\/www.listserv.dfn.de\/sympa\/info\/hist4dem<\/a><\/p>\n\n\n\n<div style=\"height:30px\" aria-hidden=\"true\" class=\"wp-block-spacer\"><\/div>\n\n\n\n<div class=\"wp-block-buttons is-content-justification-left is-layout-flex wp-container-core-buttons-is-layout-bacd7729 wp-block-buttons-is-layout-flex\" style=\"margin-top:0;margin-bottom:0\">\n<div class=\"wp-block-button is-style-fill\"><a class=\"wp-block-button__link has-accent-3-background-color has-background has-large-font-size has-text-align-center has-custom-font-size wp-element-button\" href=\"https:\/\/donate.raisenow.io\/bfqsc\">Spenden<\/a><\/div>\n<\/div>\n<\/div>\n<\/div>\n\n\n\n<p>Damit wir weiterhin aktiv bleiben k\u00f6nnen, brauchen wir eure Unterst\u00fctzung! Eure Spenden helfen uns, die laufenden Kosten f\u00fcr unsere Webseite zu decken und Veranstaltungen und Aktionen im Rahmen unserer Bildungsarbeit zu realisieren. Alles andere ist Ehrenamt. Jeder Beitrag \u2013 ob klein oder gro\u00df \u2013 tr\u00e4gt dazu bei, dass wir sichtbar bleiben und unsere Stimme gegen neurechte Geschichtsdeutung und Einflussnahme erheben k\u00f6nnen.<\/p>\n","protected":false},"excerpt":{"rendered":"<p>Hast Du eine Frage oder m\u00f6chtest Du uns eine Nachricht schreiben? Dann kannst Du uns eine E-Mail an info\u2039at\u203ahist4dem.de schicken. Mailingliste Hier kannst Du Dich auf unsere Mailingliste eintragen:You can subscribe to our mailing list here:Vous pouvez vous inscrire ici \u00e0 notre liste de diffusion:Puede suscribirse a nuestra lista de correo aqu\u00ed: https:\/\/www.listserv.dfn.de\/sympa\/info\/hist4dem Spenden Damit [&hellip;]<\/p>\n","protected":false},"author":3,"featured_media":0,"parent":0,"menu_order":0,"comment_status":"open","ping_status":"closed","template":"","meta":{"footnotes":""},"class_list":["post-118","page","type-page","status-publish","hentry"],"_links":{"self":[{"href":"https:\/\/hist4dem.de\/es\/wp-json\/wp\/v2\/pages\/118","targetHints":{"allow":["GET"]}}],"collection":[{"href":"https:\/\/hist4dem.de\/es\/wp-json\/wp\/v2\/pages"}],"about":[{"href":"https:\/\/hist4dem.de\/es\/wp-json\/wp\/v2\/types\/page"}],"author":[{"embeddable":true,"href":"https:\/\/hist4dem.de\/es\/wp-json\/wp\/v2\/users\/3"}],"replies":[{"embeddable":true,"href":"https:\/\/hist4dem.de\/es\/wp-json\/wp\/v2\/comments?post=118"}],"version-history":[{"count":11,"href":"https:\/\/hist4dem.de\/es\/wp-json\/wp\/v2\/pages\/118\/revisions"}],"predecessor-version":[{"id":782,"href":"https:\/\/hist4dem.de\/es\/wp-json\/wp\/v2\/pages\/118\/revisions\/782"}],"wp:attachment":[{"href":"https:\/\/hist4dem.de\/es\/wp-json\/wp\/v2\/media?parent=118"}],"curies":[{"name":"wp","href":"https:\/\/api.w.org\/{rel}","templated":true}]}}