{"id":343,"date":"2025-04-16T10:20:42","date_gmt":"2025-04-16T08:20:42","guid":{"rendered":"https:\/\/hist4dem.de\/?page_id=343"},"modified":"2025-12-02T16:21:15","modified_gmt":"2025-12-02T15:21:15","slug":"arbeitsgruppen","status":"publish","type":"page","link":"https:\/\/hist4dem.de\/en\/arbeitsgruppen\/","title":{"rendered":"Arbeitsgruppen"},"content":{"rendered":"\n<p>Wir organisieren unsere Zusammenarbeit in unterschiedlichen Gruppen. Wer sich an einer Gruppe beteiligen m\u00f6chte oder Fragen hat, kann sich an die unten genannten Ansprechpartner*innen wenden.<\/p>\n\n\n\n<h2 class=\"wp-block-heading\">AG Mailingliste<\/h2>\n\n\n\n<p>Wir moderieren die hist4dem-Mailingliste und k\u00fcmmern uns um alles, was mit der Mailingliste zusammenh\u00e4ngt.<\/p>\n\n\n\n<ul class=\"wp-block-list\">\n<li>Dominik Wa\u00dfenhoven, Universit\u00e4t zu K\u00f6ln<br>dominik.wassenhoven\u2039at\u203auni-koeln.de<\/li>\n<\/ul>\n\n\n\n<h2 class=\"wp-block-heading\">AG Newsletter<\/h2>\n\n\n\n<p>hist4dem ist ein junges Netzwerk, aber es passiert viel \u2013 es kann mitunter schwierig sein, den \u00dcberblick \u00fcber die vielf\u00e4ltigen Aktivit\u00e4ten zu behalten. Aus diesem Grund erscheint regelm\u00e4\u00dfig ein E-Mail-Newsletter, der das Engagement der Netzwerkmitglieder dokumentieren soll. Wer sich an der redaktionellen Betreuung des Newsletters beteiligen m\u00f6chte, ist herzlich willkommen, sich in der AG Newsletter einzubringen.<\/p>\n\n\n\n<ul class=\"wp-block-list\">\n<li>Michael Leemann, Goethe-Universit\u00e4t Frankfurt am Main <br>leemann\u2039at\u203aem.uni-frankfurt.de<\/li>\n<\/ul>\n\n\n\n<h2 class=\"wp-block-heading\">AG Schule und au\u00dferschulische Bildung<\/h2>\n\n\n\n<p>Wir k\u00fcmmern uns um die Kontaktaufnahme mit m\u00f6glichst vielen Schulen und Lehrkr\u00e4ften sowie weiteren Institutionen und Akteur*innen der historisch-politischen Bildung. Au\u00dferdem geht es um die Diskussion und Ausarbeitung m\u00f6glicher Aktivit\u00e4ten und Materialien im Sinne der Anliegen des Netzwerks.<\/p>\n\n\n\n<ul class=\"wp-block-list\">\n<li>B\u00e4rbel Kuhn, Universit\u00e4t Siegen<br>baerbel.kuhn\u2039at\u203auni-siegen.de<\/li>\n\n\n\n<li>Matthias Weipert, Universit\u00e4t Siegen<br>matthias.weipert\u2039at\u203auni-siegen.de<\/li>\n<\/ul>\n\n\n\n<h2 class=\"wp-block-heading\">AG Social Media<\/h2>\n\n\n\n<ul class=\"wp-block-list\">\n<li>Agustina Carrizo de Reimann, Universit\u00e4t zu K\u00f6ln<br>a.carrizodereimann\u2039at\u203auni-koeln.de<\/li>\n<\/ul>\n\n\n\n<h2 class=\"wp-block-heading\">AG Vernetzung<\/h2>\n\n\n\n<p>In dieser AG geht es einerseits um die Kontaktaufnahme mit m\u00f6glichen Vernetzungspartner*innen und andererseits um die Entgegennahme und Beurteilung von Anfragen anderer Gruppen und Weiterleitung mit Kommentaren an das Plenum. Im Falle von best\u00e4tigten Vernetzungen k\u00fcmmern wir uns um den Kontaktaufbau und die Kontaktpflege mit den Partner*innen, insbesondere im Vorfeld von konkreten Aktionen wegen m\u00f6glicher Kooperationen und Beteiligungen.<\/p>\n\n\n\n<ul class=\"wp-block-list\">\n<li>Michael Weise, Lutherhaus Eisenach <br>mweise\u2039at\u203alutherhaus-eisenach.de<\/li>\n<\/ul>\n\n\n\n<h2 class=\"wp-block-heading\">AG Webseite<\/h2>\n\n\n\n<p>Die AG ist f\u00fcr die technische und inhaltliche Pflege der Webseite <a href=\"http:\/\/www.hist4dem.de\">www.hist4dem.de<\/a> zust\u00e4ndig. Wir k\u00fcmmern uns um die aktuelle Bereitstellung von Informationen \u00fcber Aktivit\u00e4ten, Veranstaltungen und Ver\u00f6ffentlichungen des Netzwerks sowie die Weiterentwicklung der Seite im Hinblick auf die Verbesserung von Sichtbarkeit, Nutzerfreundlichkeit und Reichweite. Au\u00dferdem arbeiten wir eng mit der AG Social Media zusammen.<\/p>\n\n\n\n<ul class=\"wp-block-list\">\n<li>Nina Mackert, Universit\u00e4t Leipzig<br>nina.mackert\u2039at\u203auni-leipzig.de<\/li>\n\n\n\n<li>Dominik Wa\u00dfenhoven, Universit\u00e4t zu K\u00f6ln<br>dominik.wassenhoven\u2039at\u203auni-koeln.de<\/li>\n<\/ul>\n\n\n\n<h2 class=\"wp-block-heading\">AG Youtube<\/h2>\n\n\n\n<p>Die AG konzipiert und produziert Videobeitr\u00e4ge f\u00fcr YouTube zu den Themen und Aktionen des Netzwerks.<\/p>\n\n\n\n<ul class=\"wp-block-list\">\n<li>Daniel Sobanski, Greven<br>info\u2039at\u203ageschichtsbuero-sobanski.de<\/li>\n<\/ul>\n","protected":false},"excerpt":{"rendered":"<p>Wir organisieren unsere Zusammenarbeit in unterschiedlichen Gruppen. Wer sich an einer Gruppe beteiligen m\u00f6chte oder Fragen hat, kann sich an die unten genannten Ansprechpartner*innen wenden. AG Mailingliste Wir moderieren die hist4dem-Mailingliste und k\u00fcmmern uns um alles, was mit der Mailingliste zusammenh\u00e4ngt. Dominik Wa\u00dfenhoven, Universit\u00e4t zu K\u00f6lndominik.wassenhoven\u2039at\u203auni-koeln.de AG Newsletter hist4dem ist ein junges Netzwerk, aber es [&hellip;]<\/p>\n","protected":false},"author":4,"featured_media":0,"parent":0,"menu_order":0,"comment_status":"closed","ping_status":"closed","template":"","meta":{"footnotes":""},"class_list":["post-343","page","type-page","status-publish","hentry"],"_links":{"self":[{"href":"https:\/\/hist4dem.de\/en\/wp-json\/wp\/v2\/pages\/343","targetHints":{"allow":["GET"]}}],"collection":[{"href":"https:\/\/hist4dem.de\/en\/wp-json\/wp\/v2\/pages"}],"about":[{"href":"https:\/\/hist4dem.de\/en\/wp-json\/wp\/v2\/types\/page"}],"author":[{"embeddable":true,"href":"https:\/\/hist4dem.de\/en\/wp-json\/wp\/v2\/users\/4"}],"replies":[{"embeddable":true,"href":"https:\/\/hist4dem.de\/en\/wp-json\/wp\/v2\/comments?post=343"}],"version-history":[{"count":15,"href":"https:\/\/hist4dem.de\/en\/wp-json\/wp\/v2\/pages\/343\/revisions"}],"predecessor-version":[{"id":921,"href":"https:\/\/hist4dem.de\/en\/wp-json\/wp\/v2\/pages\/343\/revisions\/921"}],"wp:attachment":[{"href":"https:\/\/hist4dem.de\/en\/wp-json\/wp\/v2\/media?parent=343"}],"curies":[{"name":"wp","href":"https:\/\/api.w.org\/{rel}","templated":true}]}}